{"id":1191,"date":"2025-05-09T15:59:45","date_gmt":"2025-05-09T13:59:45","guid":{"rendered":"https:\/\/www.comitato014.it\/?page_id=1191"},"modified":"2025-05-09T16:18:06","modified_gmt":"2025-05-09T14:18:06","slug":"inno-ufficiale-del-comitato-0-14","status":"publish","type":"page","link":"https:\/\/www.comitato014.it\/?page_id=1191","title":{"rendered":"Inno ufficiale del Comitato 0-14"},"content":{"rendered":"<p><strong>16 maggio 2024<\/strong> Lettera per il LANCIO dell&#8217;<strong>INNO UFFICIALE DEL COMITATO 0-14<\/strong> durante la &#8220;<strong>Notte media<\/strong>&#8221; della <strong>&#8220;32\u00aa Festa delle Scuole&#8221;<\/strong> del 2024<\/p>\n<p>Ragazzi \u00e8 un momento speciale\u2026.di un evento che non \u00e8 mai successa durante tutte le precedenti 31 <strong>Feste della Scuola<\/strong>.<\/p>\n<p>Ci sono dei momenti che rimangono nella mente delle persone\u2026.. questo potrebbe essere uno di quelli\u2026..<\/p>\n<p>Sicuramente lo \u00e8 per noi, perch\u00e9 siamo riusciti nell\u2019intento di fare una cosa impensabile fino a poco tempo fa. Questo per noi \u00e8 un momento molto emozionante, perci\u00f2 scusateci se eventualmente ci commoviamo dalla felicit\u00e0 !!!<\/p>\n<p>Adesso abbiamo bisogno comunque della vostra approvazione, quella di voi ragazzi, dovete farci vedere se vi piace!!<\/p>\n<p>Abbiamo messo tutto l\u2019impegno, anima e cuore\u2026 e mentre si stava formando, ci siamo molto emozionati, perch\u00e9 ci \u00e8 entrata nella pelle!!<\/p>\n<p>La vogliamo donare al <strong>Comitato 0-14<\/strong> e lasciarla in eredit\u00e0 a tutti i ragazzi presenti<br \/>\n\u2026. s\u00ec a tutti voi ragazze e ragazzi\u2026. che fra qualche anno, sarete i futuri componenti o aiutanti del <strong>Comitato 0-14<\/strong>, facendo di tutto, come noi, per far divertire i pi\u00f9 piccoli alle future <strong>Feste della Scuola<\/strong>.<\/p>\n<p>Speriamo che quello che abbiamo fatto possa piacervi, anche con i suoi difetti,<br \/>\nche venga da voi approvata ed in futuro non venga pi\u00f9 modificata.<\/p>\n<p><em><strong>Ragazze e Ragazzi<\/strong><\/em><br \/>\n<strong><em>Signore e Signori<\/em><\/strong><br \/>\n<em><strong>Egregi componenti dello Staff del Comitato 0-14<br \/>\n<\/strong><strong>Dedicata ai ragazzi da 0 a 14 anni<\/strong><\/em><\/p>\n<p><em><strong>Con: &#8220;PROMOSSI O BOCCIATI&#8221;<\/strong><\/em><br \/>\n<em><strong>Testo: Sandro del Comitato 0-14<\/strong><\/em><br \/>\n<em><strong>(\u2026. ragazzi incrociate le dita con noi\u2026.)<\/strong><\/em><br \/>\n<em><strong>Ballano: Tutti i presenti alla &#8220;Notte Media&#8221; della &#8220;32<sup>a<\/sup> Festa delle Scuole&#8221; !!!<\/strong><\/em><\/p>\n<audio class=\"wp-audio-shortcode\" id=\"audio-1191-1\" preload=\"none\" style=\"width: 100%;\" controls=\"controls\"><source type=\"audio\/mpeg\" src=\"https:\/\/www.comitato014.it\/wp-content\/uploads\/2025\/05\/Comitato0-14bySandro1965-Promossiobocciati.mp3?_=1\" \/><a href=\"https:\/\/www.comitato014.it\/wp-content\/uploads\/2025\/05\/Comitato0-14bySandro1965-Promossiobocciati.mp3\">https:\/\/www.comitato014.it\/wp-content\/uploads\/2025\/05\/Comitato0-14bySandro1965-Promossiobocciati.mp3<\/a><\/audio>\n<p style=\"text-align: left;\" align=\"center\"><span style=\"font-size: x-large;\"><b>PROMOSSI O BOCCIATI &#8211; <\/b><\/span><span style=\"font-size: x-large;\"><b>COMITATO 0-14 (by Sandro 1965)<br \/>\n<\/b><em>Scarica inno mp3 <a href=\"https:\/\/www.comitato014.it\/wp-content\/uploads\/2025\/05\/Comitato0-14bySandro1965-Promossiobocciati.mp3\">qui<\/a><\/em><\/span><\/p>\n<p style=\"text-align: left;\" align=\"center\"><b><\/b><span style=\"font-size: x-large;\"><b>TESTO<br \/>\n<\/b><\/span><i><b>[Verso 1]<br \/>\n<\/b><\/i>Anche quest&#8217;anno la scuola \u00e8 finita,<br \/>\npromossi o bocciati, incrociamo le dita.<\/p>\n<p>Salutiamo maestre e professori e bidelli,<br \/>\npr\u00e8sidi e supplenti, s\u00ec dai pure quelli.<\/p>\n<p>Ora le vacanze con tante speranze,<br \/>\nche il prossimo anno non arrivi all&#8217;istante.<\/p>\n<p>Prima per\u00f2 c&#8217;\u00e9 aria di festa,<br \/>\ndai tutti in piazza, guai a chi resta.<\/p>\n<p><i><b>[Coro]<br \/>\n<\/b><\/i>Arriva il comitato zero quattordici,<br \/>\ncon le sue attivit\u00e0 fin sotto ai portici<\/p>\n<p>chiamando in piazza tutti i pi\u00f9 piccini,<br \/>\noltre a quelli che son gi\u00e0 ragazzini<\/p>\n<p>per incontrarsi, divertirsi e giocare,<br \/>\npoi per chi vuole, cantare e ballare!!<\/p>\n<p><i><b>[Verso 2]<br \/>\n<\/b><\/i>Anche quest&#8217;anno la scuola \u00e8 finita,<br \/>\npromossi o bocciati, incrociamo le dita.<\/p>\n<p>Salutiamo maestre e professori e bidelli,<br \/>\npresidi e supplenti, s\u00ec dai pure quelli.<\/p>\n<p>Cambiamo astucci, libri e quaderni,<br \/>\ncon i videogiochi dei pi\u00f9 moderni<\/p>\n<p>Adesso \u00e8 sicuro siamo in vacanza,<br \/>\nbuttiamo la sveglia fuori dalla stanza<\/p>\n<p><i><b>[Coro]<br \/>\n<\/b><\/i>Arriva il comitato zero quattordici,<br \/>\ncon le sue attivit\u00e0 fin sotto ai portici<\/p>\n<p>chiamando in piazza tutti i pi\u00f9 piccini,<br \/>\noltre a quelli che son gi\u00e0 ragazzini<\/p>\n<p>per incontrarsi, divertirsi e giocare,<br \/>\npoi per chi vuole cantare e ballare!!<\/p>\n<p>\u2026\u2026<i><b>.. ripetere 1 volta \u2026\u2026&#8230;<\/b><\/i><\/p>\n","protected":false},"excerpt":{"rendered":"<p>16 maggio 2024 Lettera per il LANCIO dell&#8217;INNO UFFICIALE DEL COMITATO 0-14 durante la &#8220;Notte media&#8221; della &#8220;32\u00aa Festa delle Scuole&#8221; del 2024 Ragazzi \u00e8 un momento speciale\u2026.di un evento che non \u00e8 mai successa durante tutte le precedenti 31 Feste della Scuola. Ci sono dei momenti che rimangono nella mente delle persone\u2026.. questo potrebbe &hellip; <a href=\"https:\/\/www.comitato014.it\/?page_id=1191\" class=\"more-link\">Leggi tutto <span class=\"screen-reader-text\">Inno ufficiale del Comitato 0-14<\/span><\/a><\/p>\n","protected":false},"author":1,"featured_media":0,"parent":0,"menu_order":0,"comment_status":"closed","ping_status":"closed","template":"","meta":{"ngg_post_thumbnail":0,"footnotes":""},"class_list":["post-1191","page","type-page","status-publish","hentry","no-featured-image"],"_links":{"self":[{"href":"https:\/\/www.comitato014.it\/index.php?rest_route=\/wp\/v2\/pages\/1191","targetHints":{"allow":["GET"]}}],"collection":[{"href":"https:\/\/www.comitato014.it\/index.php?rest_route=\/wp\/v2\/pages"}],"about":[{"href":"https:\/\/www.comitato014.it\/index.php?rest_route=\/wp\/v2\/types\/page"}],"author":[{"embeddable":true,"href":"https:\/\/www.comitato014.it\/index.php?rest_route=\/wp\/v2\/users\/1"}],"replies":[{"embeddable":true,"href":"https:\/\/www.comitato014.it\/index.php?rest_route=%2Fwp%2Fv2%2Fcomments&post=1191"}],"version-history":[{"count":10,"href":"https:\/\/www.comitato014.it\/index.php?rest_route=\/wp\/v2\/pages\/1191\/revisions"}],"predecessor-version":[{"id":1205,"href":"https:\/\/www.comitato014.it\/index.php?rest_route=\/wp\/v2\/pages\/1191\/revisions\/1205"}],"wp:attachment":[{"href":"https:\/\/www.comitato014.it\/index.php?rest_route=%2Fwp%2Fv2%2Fmedia&parent=1191"}],"curies":[{"name":"wp","href":"https:\/\/api.w.org\/{rel}","templated":true}]}}