{"id":1110,"date":"2025-05-08T19:54:28","date_gmt":"2025-05-08T17:54:28","guid":{"rendered":"https:\/\/www.comitato014.it\/?page_id=1110"},"modified":"2026-02-26T10:55:27","modified_gmt":"2026-02-26T09:55:27","slug":"ristorante-locanda-0-14","status":"publish","type":"page","link":"https:\/\/www.comitato014.it\/?page_id=1110","title":{"rendered":"RISTORANTE LOCANDA 0-14 ..archiviata.."},"content":{"rendered":"\n<figure class=\"wp-block-image alignwide size-full\"><img loading=\"lazy\" decoding=\"async\" width=\"960\" height=\"401\" src=\"https:\/\/www.comitato014.it\/wp-content\/uploads\/2025\/05\/ristorante1.jpg\" alt=\"\" class=\"wp-image-1162\" srcset=\"https:\/\/www.comitato014.it\/wp-content\/uploads\/2025\/05\/ristorante1.jpg 960w, https:\/\/www.comitato014.it\/wp-content\/uploads\/2025\/05\/ristorante1-300x125.jpg 300w, https:\/\/www.comitato014.it\/wp-content\/uploads\/2025\/05\/ristorante1-768x321.jpg 768w\" sizes=\"auto, (max-width: 960px) 100vw, 960px\" \/><\/figure>\n\n\n<p><strong>LOCANDA 0-14<\/strong>, il nostro ristorante presso l&#8217;<strong>Oratorio di Castelnuovo Rangone<\/strong>,<br>sar\u00e0 aperto:<\/p>\n<p><a href=\"https:\/\/www.comitato014.it\/?page_id=1142\">Venerd\u00ec sera 15 maggio 2025 dalle 20:30, <strong>men\u00f9 pesce su prenotazione<\/strong>,<\/a><br><a href=\"https:\/\/www.comitato014.it\/?page_id=1142\">anche da asporto<\/a><\/p>\n<p><a href=\"https:\/\/www.comitato014.it\/?page_id=1148\">Sabato sera 16 maggio 2025 dalle 19:00, <strong>men\u00f9 tradizionale<\/strong><\/a><br><a href=\"https:\/\/www.comitato014.it\/?page_id=1180\">Sabato sera 16 maggio 2025 dalle 19:00, <strong>men\u00f9 senza glutine<\/strong><\/a><\/p>\n<p><a href=\"https:\/\/www.comitato014.it\/?page_id=1148\">Domenica pranzo 17 maggio 2025 dalle 12:00, <strong>men\u00f9 tradizionale<\/strong><\/a><br><a href=\"https:\/\/www.comitato014.it\/?page_id=1180\">Domenica pranzo 17 maggio 2025 dalle 12:00, <strong>men\u00f9 senza glutine<\/strong><\/a><\/p>\n<p><a href=\"https:\/\/www.comitato014.it\/?page_id=1152\">Domenica sera 17 maggio 2025 dalle 19:00, <strong>men\u00f9 tradizionale senza grigliata mista<\/strong><\/a><br><a href=\"https:\/\/www.comitato014.it\/?page_id=1180\">Domenica sera 17 maggio 2025 dalle 19:00, <strong>men\u00f9 senza glutine<\/strong><\/a><\/p>\n\n\n<figure class=\"wp-block-image alignwide size-full is-style-default\"><img loading=\"lazy\" decoding=\"async\" width=\"960\" height=\"358\" src=\"https:\/\/www.comitato014.it\/wp-content\/uploads\/2025\/05\/ristorante2.jpg\" alt=\"\" class=\"wp-image-1163\" srcset=\"https:\/\/www.comitato014.it\/wp-content\/uploads\/2025\/05\/ristorante2.jpg 960w, https:\/\/www.comitato014.it\/wp-content\/uploads\/2025\/05\/ristorante2-300x112.jpg 300w, https:\/\/www.comitato014.it\/wp-content\/uploads\/2025\/05\/ristorante2-768x286.jpg 768w\" sizes=\"auto, (max-width: 960px) 100vw, 960px\" \/><\/figure>\n","protected":false},"excerpt":{"rendered":"<p>LOCANDA 0-14, il nostro ristorante presso l&#8217;Oratorio di Castelnuovo Rangone,sar\u00e0 aperto: Venerd\u00ec sera 15 maggio 2025 dalle 20:30, men\u00f9 pesce su prenotazione,anche da asporto Sabato sera 16 maggio 2025 dalle 19:00, men\u00f9 tradizionaleSabato sera 16 maggio 2025 dalle 19:00, men\u00f9 senza glutine Domenica pranzo 17 maggio 2025 dalle 12:00, men\u00f9 tradizionaleDomenica pranzo 17 maggio 2025 &hellip; <a href=\"https:\/\/www.comitato014.it\/?page_id=1110\" class=\"more-link\">Leggi tutto <span class=\"screen-reader-text\">RISTORANTE LOCANDA 0-14 ..archiviata..<\/span><\/a><\/p>\n","protected":false},"author":1,"featured_media":0,"parent":0,"menu_order":0,"comment_status":"closed","ping_status":"closed","template":"","meta":{"ngg_post_thumbnail":0,"footnotes":""},"class_list":["post-1110","page","type-page","status-publish","hentry","no-featured-image"],"_links":{"self":[{"href":"https:\/\/www.comitato014.it\/index.php?rest_route=\/wp\/v2\/pages\/1110","targetHints":{"allow":["GET"]}}],"collection":[{"href":"https:\/\/www.comitato014.it\/index.php?rest_route=\/wp\/v2\/pages"}],"about":[{"href":"https:\/\/www.comitato014.it\/index.php?rest_route=\/wp\/v2\/types\/page"}],"author":[{"embeddable":true,"href":"https:\/\/www.comitato014.it\/index.php?rest_route=\/wp\/v2\/users\/1"}],"replies":[{"embeddable":true,"href":"https:\/\/www.comitato014.it\/index.php?rest_route=%2Fwp%2Fv2%2Fcomments&post=1110"}],"version-history":[{"count":15,"href":"https:\/\/www.comitato014.it\/index.php?rest_route=\/wp\/v2\/pages\/1110\/revisions"}],"predecessor-version":[{"id":1312,"href":"https:\/\/www.comitato014.it\/index.php?rest_route=\/wp\/v2\/pages\/1110\/revisions\/1312"}],"wp:attachment":[{"href":"https:\/\/www.comitato014.it\/index.php?rest_route=%2Fwp%2Fv2%2Fmedia&parent=1110"}],"curies":[{"name":"wp","href":"https:\/\/api.w.org\/{rel}","templated":true}]}}